{"id":1853,"date":"2022-10-27T04:56:08","date_gmt":"2022-10-27T04:56:08","guid":{"rendered":"https:\/\/cubox.com.mx\/?page_id=1853"},"modified":"2023-09-23T16:53:53","modified_gmt":"2023-09-23T16:53:53","slug":"cbx-dx","status":"publish","type":"page","link":"https:\/\/cubox.com.mx\/en\/cbx-dx\/","title":{"rendered":"CBX \u2013 Dx"},"content":{"rendered":"<div data-elementor-type=\"wp-page\" data-elementor-id=\"1853\" class=\"elementor elementor-1853\">\n\t\t\t\t\t\t<section class=\"elementor-section elementor-top-section elementor-element elementor-element-170b8a9a elementor-section-boxed elementor-section-height-default elementor-section-height-default\" data-id=\"170b8a9a\" data-element_type=\"section\" data-e-type=\"section\">\n\t\t\t\t\t\t<div class=\"elementor-container elementor-column-gap-default\">\n\t\t\t\t\t<div class=\"elementor-column elementor-col-33 elementor-top-column elementor-element elementor-element-6331f2b2 ot-flex-column-vertical\" data-id=\"6331f2b2\" data-element_type=\"column\" data-e-type=\"column\">\n\t\t\t<div class=\"elementor-widget-wrap elementor-element-populated\">\n\t\t\t\t\t\t<div class=\"elementor-element elementor-element-7158fc24 elementor-widget elementor-widget-image\" data-id=\"7158fc24\" data-element_type=\"widget\" data-e-type=\"widget\" data-widget_type=\"image.default\">\n\t\t\t\t<div class=\"elementor-widget-container\">\n\t\t\t\t\t\t\t\t\t\t\t\t\t\t\t<img fetchpriority=\"high\" decoding=\"async\" width=\"422\" height=\"163\" src=\"https:\/\/cubox.com.mx\/wp-content\/uploads\/2022\/09\/logo-solo-cubox-n.png\" class=\"attachment-large size-large wp-image-1051\" alt=\"\" srcset=\"https:\/\/cubox.com.mx\/wp-content\/uploads\/2022\/09\/logo-solo-cubox-n.png 422w, https:\/\/cubox.com.mx\/wp-content\/uploads\/2022\/09\/logo-solo-cubox-n-300x116.png 300w, https:\/\/cubox.com.mx\/wp-content\/uploads\/2022\/09\/logo-solo-cubox-n-18x7.png 18w\" sizes=\"(max-width: 422px) 100vw, 422px\" \/>\t\t\t\t\t\t\t\t\t\t\t\t\t\t\t<\/div>\n\t\t\t\t<\/div>\n\t\t\t\t\t<\/div>\n\t\t<\/div>\n\t\t\t\t<div class=\"elementor-column elementor-col-33 elementor-top-column elementor-element elementor-element-2ffc58c7 ot-flex-column-vertical\" data-id=\"2ffc58c7\" data-element_type=\"column\" data-e-type=\"column\">\n\t\t\t<div class=\"elementor-widget-wrap elementor-element-populated\">\n\t\t\t\t\t\t<div class=\"elementor-element elementor-element-23878940 elementor-nav-menu__align-right elementor-nav-menu--dropdown-tablet elementor-nav-menu__text-align-aside elementor-nav-menu--toggle elementor-nav-menu--burger elementor-widget elementor-widget-nav-menu\" data-id=\"23878940\" data-element_type=\"widget\" data-e-type=\"widget\" data-settings=\"{&quot;layout&quot;:&quot;horizontal&quot;,&quot;submenu_icon&quot;:{&quot;value&quot;:&quot;<i class=\\&quot;fas fa-caret-down\\&quot;><\\\/i>&quot;,&quot;library&quot;:&quot;fa-solid&quot;},&quot;toggle&quot;:&quot;burger&quot;}\" data-widget_type=\"nav-menu.default\">\n\t\t\t\t<div class=\"elementor-widget-container\">\n\t\t\t\t\t\t\t\t<nav migration_allowed=\"1\" migrated=\"0\" role=\"navigation\" class=\"elementor-nav-menu--main elementor-nav-menu__container elementor-nav-menu--layout-horizontal e--pointer-underline e--animation-fade\">\n\t\t\t\t<ul id=\"menu-1-23878940\" class=\"elementor-nav-menu\"><li class=\"menu-item menu-item-type-post_type menu-item-object-page menu-item-2931\"><a href=\"https:\/\/cubox.com.mx\/en\/nosotros-2\/\" class=\"elementor-item\">Nosotros<\/a><\/li>\n<li class=\"menu-item menu-item-type-post_type menu-item-object-page menu-item-4110\"><a href=\"https:\/\/cubox.com.mx\/en\/portfolio-cubox\/\" class=\"elementor-item\">Portfolio<\/a><\/li>\n<li class=\"menu-item menu-item-type-post_type menu-item-object-page menu-item-2934\"><a href=\"https:\/\/cubox.com.mx\/en\/faqs-2\/\" class=\"elementor-item\">FAQs<\/a><\/li>\n<li class=\"menu-item menu-item-type-post_type menu-item-object-page menu-item-4000\"><a href=\"https:\/\/cubox.com.mx\/en\/blog-3\/\" class=\"elementor-item\">Blog<\/a><\/li>\n<li class=\"menu-item menu-item-type-post_type menu-item-object-page menu-item-5148\"><a href=\"https:\/\/cubox.com.mx\/en\/canadianses\/\" class=\"elementor-item\">Canadians<\/a><\/li>\n<li class=\"menu-item menu-item-type-post_type menu-item-object-page menu-item-2945\"><a href=\"https:\/\/cubox.com.mx\/en\/contacts\/\" class=\"elementor-item\">Contact<\/a><\/li>\n<\/ul>\t\t\t<\/nav>\n\t\t\t\t\t<div class=\"elementor-menu-toggle\" role=\"button\" tabindex=\"0\" aria-label=\"Menu Toggle\" aria-expanded=\"false\">\n\t\t\t<i aria-hidden=\"true\" role=\"presentation\" class=\"elementor-menu-toggle__icon--open eicon-menu-bar\"><\/i><i aria-hidden=\"true\" role=\"presentation\" class=\"elementor-menu-toggle__icon--close eicon-close\"><\/i>\t\t\t<span class=\"elementor-screen-only\">Menu<\/span>\n\t\t<\/div>\n\t\t\t<nav class=\"elementor-nav-menu--dropdown elementor-nav-menu__container\" role=\"navigation\" aria-hidden=\"true\">\n\t\t\t\t<ul id=\"menu-2-23878940\" class=\"elementor-nav-menu\"><li class=\"menu-item menu-item-type-post_type menu-item-object-page menu-item-2931\"><a href=\"https:\/\/cubox.com.mx\/en\/nosotros-2\/\" class=\"elementor-item\" tabindex=\"-1\">Nosotros<\/a><\/li>\n<li class=\"menu-item menu-item-type-post_type menu-item-object-page menu-item-4110\"><a href=\"https:\/\/cubox.com.mx\/en\/portfolio-cubox\/\" class=\"elementor-item\" tabindex=\"-1\">Portfolio<\/a><\/li>\n<li class=\"menu-item menu-item-type-post_type menu-item-object-page menu-item-2934\"><a href=\"https:\/\/cubox.com.mx\/en\/faqs-2\/\" class=\"elementor-item\" tabindex=\"-1\">FAQs<\/a><\/li>\n<li class=\"menu-item menu-item-type-post_type menu-item-object-page menu-item-4000\"><a href=\"https:\/\/cubox.com.mx\/en\/blog-3\/\" class=\"elementor-item\" tabindex=\"-1\">Blog<\/a><\/li>\n<li class=\"menu-item menu-item-type-post_type menu-item-object-page menu-item-5148\"><a href=\"https:\/\/cubox.com.mx\/en\/canadianses\/\" class=\"elementor-item\" tabindex=\"-1\">Canadians<\/a><\/li>\n<li class=\"menu-item menu-item-type-post_type menu-item-object-page menu-item-2945\"><a href=\"https:\/\/cubox.com.mx\/en\/contacts\/\" class=\"elementor-item\" tabindex=\"-1\">Contact<\/a><\/li>\n<\/ul>\t\t\t<\/nav>\n\t\t\t\t\t\t<\/div>\n\t\t\t\t<\/div>\n\t\t\t\t\t<\/div>\n\t\t<\/div>\n\t\t\t\t<div class=\"elementor-column elementor-col-33 elementor-top-column elementor-element elementor-element-5279f2bc ot-flex-column-vertical\" data-id=\"5279f2bc\" data-element_type=\"column\" data-e-type=\"column\">\n\t\t\t<div class=\"elementor-widget-wrap elementor-element-populated\">\n\t\t\t\t\t\t<div class=\"elementor-element elementor-element-6830bdae elementor-shape-rounded elementor-grid-0 e-grid-align-center elementor-widget elementor-widget-social-icons\" data-id=\"6830bdae\" data-element_type=\"widget\" data-e-type=\"widget\" data-widget_type=\"social-icons.default\">\n\t\t\t\t<div class=\"elementor-widget-container\">\n\t\t\t\t\t\t\t<div class=\"elementor-social-icons-wrapper elementor-grid\" role=\"list\">\n\t\t\t\t\t\t\t<span class=\"elementor-grid-item\" role=\"listitem\">\n\t\t\t\t\t<a class=\"elementor-icon elementor-social-icon elementor-social-icon-facebook elementor-repeater-item-2871134\" href=\"https:\/\/www.facebook.com\/cubox.modulares%20\" target=\"_blank\">\n\t\t\t\t\t\t<span class=\"elementor-screen-only\">Facebook<\/span>\n\t\t\t\t\t\t<i aria-hidden=\"true\" class=\"fab fa-facebook\"><\/i>\t\t\t\t\t<\/a>\n\t\t\t\t<\/span>\n\t\t\t\t\t\t\t<span class=\"elementor-grid-item\" role=\"listitem\">\n\t\t\t\t\t<a class=\"elementor-icon elementor-social-icon elementor-social-icon-instagram elementor-repeater-item-e97335e\" href=\"https:\/\/www.instagram.com\/cuboxmx\/\" target=\"_blank\">\n\t\t\t\t\t\t<span class=\"elementor-screen-only\">Instagram<\/span>\n\t\t\t\t\t\t<i aria-hidden=\"true\" class=\"fab fa-instagram\"><\/i>\t\t\t\t\t<\/a>\n\t\t\t\t<\/span>\n\t\t\t\t\t<\/div>\n\t\t\t\t\t\t<\/div>\n\t\t\t\t<\/div>\n\t\t\t\t\t<\/div>\n\t\t<\/div>\n\t\t\t\t\t<\/div>\n\t\t<\/section>\n\t\t\t\t<section class=\"elementor-section elementor-top-section elementor-element elementor-element-5486145a elementor-section-boxed elementor-section-height-default elementor-section-height-default\" data-id=\"5486145a\" data-element_type=\"section\" data-e-type=\"section\" data-settings=\"{&quot;background_background&quot;:&quot;classic&quot;}\">\n\t\t\t\t\t\t<div class=\"elementor-container elementor-column-gap-default\">\n\t\t\t\t\t<div class=\"elementor-column elementor-col-100 elementor-top-column elementor-element elementor-element-4b590783 ot-flex-column-vertical\" data-id=\"4b590783\" data-element_type=\"column\" data-e-type=\"column\">\n\t\t\t<div class=\"elementor-widget-wrap elementor-element-populated\">\n\t\t\t\t\t\t<div class=\"elementor-element elementor-element-7849341e elementor-widget elementor-widget-spacer\" data-id=\"7849341e\" data-element_type=\"widget\" data-e-type=\"widget\" data-widget_type=\"spacer.default\">\n\t\t\t\t<div class=\"elementor-widget-container\">\n\t\t\t\t\t\t\t<div class=\"elementor-spacer\">\n\t\t\t<div class=\"elementor-spacer-inner\"><\/div>\n\t\t<\/div>\n\t\t\t\t\t\t<\/div>\n\t\t\t\t<\/div>\n\t\t\t\t<div class=\"elementor-element elementor-element-10ea9246 elementor-widget elementor-widget-heading\" data-id=\"10ea9246\" data-element_type=\"widget\" data-e-type=\"widget\" data-widget_type=\"heading.default\">\n\t\t\t\t<div class=\"elementor-widget-container\">\n\t\t\t\t\t<h2 class=\"elementor-heading-title elementor-size-default\">PORTFOLIO<\/h2>\t\t\t\t<\/div>\n\t\t\t\t<\/div>\n\t\t\t\t<div class=\"elementor-element elementor-element-796b7a70 elementor-widget elementor-widget-text-editor\" data-id=\"796b7a70\" data-element_type=\"widget\" data-e-type=\"widget\" data-widget_type=\"text-editor.default\">\n\t\t\t\t<div class=\"elementor-widget-container\">\n\t\t\t\t\t\t\t\t\t<p>\u00a0CBX \u2013 Dx<\/p>\t\t\t\t\t\t\t\t<\/div>\n\t\t\t\t<\/div>\n\t\t\t\t<div class=\"elementor-element elementor-element-66a78f4f elementor-widget elementor-widget-spacer\" data-id=\"66a78f4f\" data-element_type=\"widget\" data-e-type=\"widget\" data-widget_type=\"spacer.default\">\n\t\t\t\t<div class=\"elementor-widget-container\">\n\t\t\t\t\t\t\t<div class=\"elementor-spacer\">\n\t\t\t<div class=\"elementor-spacer-inner\"><\/div>\n\t\t<\/div>\n\t\t\t\t\t\t<\/div>\n\t\t\t\t<\/div>\n\t\t\t\t<div class=\"elementor-element elementor-element-54f33dab elementor-widget elementor-widget-button\" data-id=\"54f33dab\" data-element_type=\"widget\" data-e-type=\"widget\" data-widget_type=\"button.default\">\n\t\t\t\t<div class=\"elementor-widget-container\">\n\t\t\t\t\t\t\t\t\t<div class=\"elementor-button-wrapper\">\n\t\t\t\t\t<a class=\"elementor-button elementor-button-link elementor-size-sm\" href=\"https:\/\/cubox.com.mx\/en\/proyectos\/\">\n\t\t\t\t\t\t<span class=\"elementor-button-content-wrapper\">\n\t\t\t\t\t\t<span class=\"elementor-button-icon\">\n\t\t\t\t<i aria-hidden=\"true\" class=\"fas fa-step-backward\"><\/i>\t\t\t<\/span>\n\t\t\t\t\t\t\t\t\t<span class=\"elementor-button-text\">Regresar<\/span>\n\t\t\t\t\t<\/span>\n\t\t\t\t\t<\/a>\n\t\t\t\t<\/div>\n\t\t\t\t\t\t\t\t<\/div>\n\t\t\t\t<\/div>\n\t\t\t\t\t<\/div>\n\t\t<\/div>\n\t\t\t\t\t<\/div>\n\t\t<\/section>\n\t\t\t\t<section class=\"elementor-section elementor-top-section elementor-element elementor-element-7c415278 elementor-section-boxed elementor-section-height-default elementor-section-height-default\" data-id=\"7c415278\" data-element_type=\"section\" data-e-type=\"section\" data-settings=\"{&quot;background_background&quot;:&quot;classic&quot;}\">\n\t\t\t\t\t\t<div class=\"elementor-container elementor-column-gap-default\">\n\t\t\t\t\t<div class=\"elementor-column elementor-col-100 elementor-top-column elementor-element elementor-element-451dc1e8 ot-flex-column-vertical\" data-id=\"451dc1e8\" data-element_type=\"column\" data-e-type=\"column\">\n\t\t\t<div class=\"elementor-widget-wrap elementor-element-populated\">\n\t\t\t\t\t\t<div class=\"elementor-element elementor-element-2f8b263f elementor-widget elementor-widget-gallery\" data-id=\"2f8b263f\" data-element_type=\"widget\" data-e-type=\"widget\" data-settings=\"{&quot;lazyload&quot;:&quot;yes&quot;,&quot;gallery_layout&quot;:&quot;grid&quot;,&quot;columns&quot;:4,&quot;columns_tablet&quot;:2,&quot;columns_mobile&quot;:1,&quot;gap&quot;:{&quot;unit&quot;:&quot;px&quot;,&quot;size&quot;:10,&quot;sizes&quot;:[]},&quot;gap_tablet&quot;:{&quot;unit&quot;:&quot;px&quot;,&quot;size&quot;:10,&quot;sizes&quot;:[]},&quot;gap_mobile&quot;:{&quot;unit&quot;:&quot;px&quot;,&quot;size&quot;:10,&quot;sizes&quot;:[]},&quot;link_to&quot;:&quot;file&quot;,&quot;aspect_ratio&quot;:&quot;3:2&quot;,&quot;overlay_background&quot;:&quot;yes&quot;,&quot;content_hover_animation&quot;:&quot;fade-in&quot;}\" data-widget_type=\"gallery.default\">\n\t\t\t\t<div class=\"elementor-widget-container\">\n\t\t\t\t\t\t\t<div class=\"elementor-gallery__container\">\n\t\t\t\t\t\t\t<a class=\"e-gallery-item elementor-gallery-item elementor-animated-content\" href=\"https:\/\/cubox.com.mx\/wp-content\/uploads\/2022\/10\/image00025-scaled.jpeg\" data-elementor-open-lightbox=\"yes\" data-elementor-lightbox-slideshow=\"all-2f8b263f\" data-elementor-lightbox-title=\"image00025\" data-e-action-hash=\"#elementor-action%3Aaction%3Dlightbox%26settings%3DeyJpZCI6MTg2MiwidXJsIjoiaHR0cHM6XC9cL2N1Ym94LmNvbS5teFwvd3AtY29udGVudFwvdXBsb2Fkc1wvMjAyMlwvMTBcL2ltYWdlMDAwMjUtc2NhbGVkLmpwZWciLCJzbGlkZXNob3ciOiJhbGwtMmY4YjI2M2YifQ%3D%3D\">\n\t\t\t\t\t<div class=\"e-gallery-image elementor-gallery-item__image\" data-thumbnail=\"https:\/\/cubox.com.mx\/wp-content\/uploads\/2022\/10\/image00025-scaled-225x300.jpeg\" data-width=\"225\" data-height=\"300\" alt=\"\" ><\/div>\n\t\t\t\t\t\t\t\t\t\t\t<div class=\"elementor-gallery-item__overlay\"><\/div>\n\t\t\t\t\t\t\t\t\t\t\t\t\t\t<\/a>\n\t\t\t\t\t\t\t<a class=\"e-gallery-item elementor-gallery-item elementor-animated-content\" href=\"https:\/\/cubox.com.mx\/wp-content\/uploads\/2022\/10\/image00028-1-scaled.jpeg\" data-elementor-open-lightbox=\"yes\" data-elementor-lightbox-slideshow=\"all-2f8b263f\" data-elementor-lightbox-title=\"image00028\" data-e-action-hash=\"#elementor-action%3Aaction%3Dlightbox%26settings%3DeyJpZCI6MTg2MywidXJsIjoiaHR0cHM6XC9cL2N1Ym94LmNvbS5teFwvd3AtY29udGVudFwvdXBsb2Fkc1wvMjAyMlwvMTBcL2ltYWdlMDAwMjgtMS1zY2FsZWQuanBlZyIsInNsaWRlc2hvdyI6ImFsbC0yZjhiMjYzZiJ9\">\n\t\t\t\t\t<div class=\"e-gallery-image elementor-gallery-item__image\" data-thumbnail=\"https:\/\/cubox.com.mx\/wp-content\/uploads\/2022\/10\/image00028-1-scaled-300x225.jpeg\" data-width=\"300\" data-height=\"225\" alt=\"\" ><\/div>\n\t\t\t\t\t\t\t\t\t\t\t<div class=\"elementor-gallery-item__overlay\"><\/div>\n\t\t\t\t\t\t\t\t\t\t\t\t\t\t<\/a>\n\t\t\t\t\t\t\t<a class=\"e-gallery-item elementor-gallery-item elementor-animated-content\" href=\"https:\/\/cubox.com.mx\/wp-content\/uploads\/2022\/10\/image00032-scaled.jpeg\" data-elementor-open-lightbox=\"yes\" data-elementor-lightbox-slideshow=\"all-2f8b263f\" data-elementor-lightbox-title=\"image00032\" data-e-action-hash=\"#elementor-action%3Aaction%3Dlightbox%26settings%3DeyJpZCI6MTg2NCwidXJsIjoiaHR0cHM6XC9cL2N1Ym94LmNvbS5teFwvd3AtY29udGVudFwvdXBsb2Fkc1wvMjAyMlwvMTBcL2ltYWdlMDAwMzItc2NhbGVkLmpwZWciLCJzbGlkZXNob3ciOiJhbGwtMmY4YjI2M2YifQ%3D%3D\">\n\t\t\t\t\t<div class=\"e-gallery-image elementor-gallery-item__image\" data-thumbnail=\"https:\/\/cubox.com.mx\/wp-content\/uploads\/2022\/10\/image00032-scaled-225x300.jpeg\" data-width=\"225\" data-height=\"300\" alt=\"\" ><\/div>\n\t\t\t\t\t\t\t\t\t\t\t<div class=\"elementor-gallery-item__overlay\"><\/div>\n\t\t\t\t\t\t\t\t\t\t\t\t\t\t<\/a>\n\t\t\t\t\t\t\t<a class=\"e-gallery-item elementor-gallery-item elementor-animated-content\" href=\"https:\/\/cubox.com.mx\/wp-content\/uploads\/2022\/10\/WhatsApp-Image-2022-08-16-at-6.33.24-PM-2.jpeg\" data-elementor-open-lightbox=\"yes\" data-elementor-lightbox-slideshow=\"all-2f8b263f\" data-elementor-lightbox-title=\"WhatsApp Image 2022-08-16 at 6.33.24 PM (2)\" data-e-action-hash=\"#elementor-action%3Aaction%3Dlightbox%26settings%3DeyJpZCI6MTg2NSwidXJsIjoiaHR0cHM6XC9cL2N1Ym94LmNvbS5teFwvd3AtY29udGVudFwvdXBsb2Fkc1wvMjAyMlwvMTBcL1doYXRzQXBwLUltYWdlLTIwMjItMDgtMTYtYXQtNi4zMy4yNC1QTS0yLmpwZWciLCJzbGlkZXNob3ciOiJhbGwtMmY4YjI2M2YifQ%3D%3D\">\n\t\t\t\t\t<div class=\"e-gallery-image elementor-gallery-item__image\" data-thumbnail=\"https:\/\/cubox.com.mx\/wp-content\/uploads\/2022\/10\/WhatsApp-Image-2022-08-16-at-6.33.24-PM-2-225x300.jpeg\" data-width=\"225\" data-height=\"300\" alt=\"\" ><\/div>\n\t\t\t\t\t\t\t\t\t\t\t<div class=\"elementor-gallery-item__overlay\"><\/div>\n\t\t\t\t\t\t\t\t\t\t\t\t\t\t<\/a>\n\t\t\t\t\t\t\t<a class=\"e-gallery-item elementor-gallery-item elementor-animated-content\" href=\"https:\/\/cubox.com.mx\/wp-content\/uploads\/2022\/10\/WhatsApp-Image-2022-08-16-at-6.33.24-PM-5.jpeg\" data-elementor-open-lightbox=\"yes\" data-elementor-lightbox-slideshow=\"all-2f8b263f\" data-elementor-lightbox-title=\"WhatsApp Image 2022-08-16 at 6.33.24 PM (5)\" data-e-action-hash=\"#elementor-action%3Aaction%3Dlightbox%26settings%3DeyJpZCI6MTg2NiwidXJsIjoiaHR0cHM6XC9cL2N1Ym94LmNvbS5teFwvd3AtY29udGVudFwvdXBsb2Fkc1wvMjAyMlwvMTBcL1doYXRzQXBwLUltYWdlLTIwMjItMDgtMTYtYXQtNi4zMy4yNC1QTS01LmpwZWciLCJzbGlkZXNob3ciOiJhbGwtMmY4YjI2M2YifQ%3D%3D\">\n\t\t\t\t\t<div class=\"e-gallery-image elementor-gallery-item__image\" data-thumbnail=\"https:\/\/cubox.com.mx\/wp-content\/uploads\/2022\/10\/WhatsApp-Image-2022-08-16-at-6.33.24-PM-5-300x225.jpeg\" data-width=\"300\" data-height=\"225\" alt=\"\" ><\/div>\n\t\t\t\t\t\t\t\t\t\t\t<div class=\"elementor-gallery-item__overlay\"><\/div>\n\t\t\t\t\t\t\t\t\t\t\t\t\t\t<\/a>\n\t\t\t\t\t<\/div>\n\t\t\t\t\t<\/div>\n\t\t\t\t<\/div>\n\t\t\t\t\t<\/div>\n\t\t<\/div>\n\t\t\t\t\t<\/div>\n\t\t<\/section>\n\t\t\t\t<section class=\"elementor-section elementor-top-section elementor-element elementor-element-3b515e90 elementor-section-boxed elementor-section-height-default elementor-section-height-default\" data-id=\"3b515e90\" data-element_type=\"section\" data-e-type=\"section\" data-settings=\"{&quot;background_background&quot;:&quot;classic&quot;}\">\n\t\t\t\t\t\t<div class=\"elementor-container elementor-column-gap-default\">\n\t\t\t\t\t<div class=\"elementor-column elementor-col-100 elementor-top-column elementor-element elementor-element-33010b62 ot-flex-column-vertical\" data-id=\"33010b62\" data-element_type=\"column\" data-e-type=\"column\">\n\t\t\t<div class=\"elementor-widget-wrap elementor-element-populated\">\n\t\t\t\t\t\t<div class=\"elementor-element elementor-element-2232719 elementor-widget elementor-widget-text-editor\" data-id=\"2232719\" data-element_type=\"widget\" data-e-type=\"widget\" data-widget_type=\"text-editor.default\">\n\t\t\t\t<div class=\"elementor-widget-container\">\n\t\t\t\t\t\t\t\t\t<p><span style=\"font-weight: 400;\">El Proyecto DX: Una Historia de \u00c9xito en Construcci\u00f3n Modular<\/span><\/p><p><span style=\"font-weight: 400;\">En colaboraci\u00f3n con DX, una empresa l\u00edder en transporte y log\u00edstica, estamos encantados de presentarles el proyecto \u201cDX\u201d. Este proyecto es un testimonio de la adaptabilidad y la eficiencia de Cubox en la construcci\u00f3n modular, abarcando varias etapas desde 2020 hasta 2023.<\/span><\/p><p><span style=\"font-weight: 400;\">El proyecto \u201cDX\u201d es un testimonio de la adaptabilidad y la eficiencia de Cubox en la construcci\u00f3n modular.<\/span><\/p><p><span style=\"font-weight: 400;\">A lo largo de varias etapas que abarcaron desde 2020 hasta 2023, trabajamos en estrecha colaboraci\u00f3n con DX para satisfacer sus necesidades de espacio y operaci\u00f3n. El resultado final es un proyecto que abarca dos ubicaciones en Salinas Victoria, con dimensiones impresionantes.<\/span><\/p><p><span style=\"font-weight: 400;\">En el primer sitio, instalamos una construcci\u00f3n de 223 m2 en un patio de operaciones de 1200 m2. En el segundo sitio, creamos un espacio de 50 m2 en un patio de operaciones de 850 m2. La capacidad de adaptarnos a diferentes tama\u00f1os de terreno y necesidades espec\u00edficas es una de las ventajas clave de la construcci\u00f3n modular de Cubox.<\/span><\/p><p><span style=\"font-weight: 400;\">El principal desaf\u00edo que enfrentamos fue la necesidad de Marcelo, nuestro punto de contacto en DX, de construir el proyecto por etapas debido a restricciones de espacio y presupuesto. Sin embargo, nuestro enfoque modular permiti\u00f3 una construcci\u00f3n gradual y escalable que se adapt\u00f3 perfectamente a las cambiantes necesidades de DX.<\/span><\/p><p><span style=\"font-weight: 400;\">Una de las particularidades de este proyecto fue la facilidad de montaje y la capacidad de incrementar el espacio de construcci\u00f3n de manera flexible. Esto se logr\u00f3 mediante la interconexi\u00f3n de m\u00e1s Cubox y la posibilidad de expansi\u00f3n para una segunda planta. Esta versatilidad fue esencial para cumplir con las necesidades espec\u00edficas de DX.<\/span><\/p><p><span style=\"font-weight: 400;\">Los espacios creados para DX son diversos y funcionales, incluyendo oficinas, salas de juntas, dormitorios, comedores, aulas de capacitaci\u00f3n, ba\u00f1os, regaderas y cuartos el\u00e9ctricos. Esta variedad de espacios fue dise\u00f1ada para adaptarse al crecimiento continuo de las operaciones de DX.<\/span><\/p><p><span style=\"font-weight: 400;\">En t\u00e9rminos de sostenibilidad y eficiencia energ\u00e9tica, nos enorgullece mencionar que no se utiliz\u00f3 una sola gota de agua en la implementaci\u00f3n de este proyecto. Esto es especialmente significativo dado el estado cr\u00edtico de Nuevo Le\u00f3n en t\u00e9rminos de suministro de agua.<\/span><\/p><p><span style=\"font-weight: 400;\">En Cubox, estamos comprometidos con la excelencia en la construcci\u00f3n modular y con satisfacer las necesidades \u00fanicas de nuestros clientes. Si busca una soluci\u00f3n modular vers\u00e1til y sostenible para su empresa, \u00a1cont\u00e1ctenos hoy mismo! Estamos listos para hacer realidad su proyecto y brindarle resultados excepcionales.<\/span><\/p>\t\t\t\t\t\t\t\t<\/div>\n\t\t\t\t<\/div>\n\t\t\t\t<div class=\"elementor-element elementor-element-4576641c elementor-widget elementor-widget-spacer\" data-id=\"4576641c\" data-element_type=\"widget\" data-e-type=\"widget\" data-widget_type=\"spacer.default\">\n\t\t\t\t<div class=\"elementor-widget-container\">\n\t\t\t\t\t\t\t<div class=\"elementor-spacer\">\n\t\t\t<div class=\"elementor-spacer-inner\"><\/div>\n\t\t<\/div>\n\t\t\t\t\t\t<\/div>\n\t\t\t\t<\/div>\n\t\t\t\t<div class=\"elementor-element elementor-element-63029f49 elementor-widget elementor-widget-image\" data-id=\"63029f49\" data-element_type=\"widget\" data-e-type=\"widget\" data-widget_type=\"image.default\">\n\t\t\t\t<div class=\"elementor-widget-container\">\n\t\t\t\t\t\t\t\t\t\t\t\t\t\t\t<img decoding=\"async\" width=\"422\" height=\"413\" src=\"https:\/\/cubox.com.mx\/wp-content\/uploads\/2022\/09\/logo-cubox-b.png\" class=\"attachment-large size-large wp-image-1048\" alt=\"\" srcset=\"https:\/\/cubox.com.mx\/wp-content\/uploads\/2022\/09\/logo-cubox-b.png 422w, https:\/\/cubox.com.mx\/wp-content\/uploads\/2022\/09\/logo-cubox-b-300x294.png 300w, https:\/\/cubox.com.mx\/wp-content\/uploads\/2022\/09\/logo-cubox-b-12x12.png 12w\" sizes=\"(max-width: 422px) 100vw, 422px\" \/>\t\t\t\t\t\t\t\t\t\t\t\t\t\t\t<\/div>\n\t\t\t\t<\/div>\n\t\t\t\t<div class=\"elementor-element elementor-element-459bf809 elementor-widget elementor-widget-text-editor\" data-id=\"459bf809\" data-element_type=\"widget\" data-e-type=\"widget\" data-widget_type=\"text-editor.default\">\n\t\t\t\t<div class=\"elementor-widget-container\">\n\t\t\t\t\t\t\t\t\t<p>All rights reserved. Created by Gramatipo \u00ae<\/p>\t\t\t\t\t\t\t\t<\/div>\n\t\t\t\t<\/div>\n\t\t\t\t<div class=\"elementor-element elementor-element-7f2fbc82 elementor-widget elementor-widget-spacer\" data-id=\"7f2fbc82\" data-element_type=\"widget\" data-e-type=\"widget\" data-widget_type=\"spacer.default\">\n\t\t\t\t<div class=\"elementor-widget-container\">\n\t\t\t\t\t\t\t<div class=\"elementor-spacer\">\n\t\t\t<div class=\"elementor-spacer-inner\"><\/div>\n\t\t<\/div>\n\t\t\t\t\t\t<\/div>\n\t\t\t\t<\/div>\n\t\t\t\t\t<\/div>\n\t\t<\/div>\n\t\t\t\t\t<\/div>\n\t\t<\/section>\n\t\t\t\t<\/div>","protected":false},"excerpt":{"rendered":"<p>Facebook Instagram PROYECTOS \u00a0CBX \u2013 Dx Regresar El Proyecto DX: Una Historia de \u00c9xito en Construcci\u00f3n Modular En colaboraci\u00f3n con DX, una empresa l\u00edder en transporte y log\u00edstica, estamos encantados de presentarles el proyecto \u201cDX\u201d. Este proyecto es un testimonio de la adaptabilidad y la eficiencia de Cubox en la construcci\u00f3n modular, abarcando varias etapas [&hellip;]<\/p>\n","protected":false},"author":3,"featured_media":0,"parent":0,"menu_order":0,"comment_status":"closed","ping_status":"closed","template":"elementor_canvas","meta":{"_monsterinsights_skip_tracking":false,"_monsterinsights_sitenote_active":false,"_monsterinsights_sitenote_note":"","_monsterinsights_sitenote_category":0,"_joinchat":[],"footnotes":""},"class_list":["post-1853","page","type-page","status-publish","hentry"],"acf":[],"aioseo_notices":[],"_links":{"self":[{"href":"https:\/\/cubox.com.mx\/en\/wp-json\/wp\/v2\/pages\/1853","targetHints":{"allow":["GET"]}}],"collection":[{"href":"https:\/\/cubox.com.mx\/en\/wp-json\/wp\/v2\/pages"}],"about":[{"href":"https:\/\/cubox.com.mx\/en\/wp-json\/wp\/v2\/types\/page"}],"author":[{"embeddable":true,"href":"https:\/\/cubox.com.mx\/en\/wp-json\/wp\/v2\/users\/3"}],"replies":[{"embeddable":true,"href":"https:\/\/cubox.com.mx\/en\/wp-json\/wp\/v2\/comments?post=1853"}],"version-history":[{"count":13,"href":"https:\/\/cubox.com.mx\/en\/wp-json\/wp\/v2\/pages\/1853\/revisions"}],"predecessor-version":[{"id":2619,"href":"https:\/\/cubox.com.mx\/en\/wp-json\/wp\/v2\/pages\/1853\/revisions\/2619"}],"wp:attachment":[{"href":"https:\/\/cubox.com.mx\/en\/wp-json\/wp\/v2\/media?parent=1853"}],"curies":[{"name":"wp","href":"https:\/\/api.w.org\/{rel}","templated":true}]}}