{"id":3985,"date":"2020-07-07T04:14:44","date_gmt":"2020-07-07T04:14:44","guid":{"rendered":"http:\/\/wpdemo.archiwp.com\/theratio\/?page_id=3985"},"modified":"2024-09-04T16:01:13","modified_gmt":"2024-09-04T16:01:13","slug":"blog-3","status":"publish","type":"page","link":"https:\/\/cubox.com.mx\/en\/blog-3\/","title":{"rendered":"Blog"},"content":{"rendered":"\t\t<div data-elementor-type=\"wp-page\" data-elementor-id=\"3985\" class=\"elementor elementor-3985\">\n\t\t\t\t\t\t<section class=\"elementor-section elementor-top-section elementor-element elementor-element-3d510d1 elementor-section-boxed elementor-section-height-default elementor-section-height-default\" data-id=\"3d510d1\" data-element_type=\"section\" data-e-type=\"section\">\n\t\t\t\t\t\t<div class=\"elementor-container elementor-column-gap-default\">\n\t\t\t\t\t<div class=\"elementor-column elementor-col-100 elementor-top-column elementor-element elementor-element-a53f8c2 ot-flex-column-vertical\" data-id=\"a53f8c2\" data-element_type=\"column\" data-e-type=\"column\">\n\t\t\t<div class=\"elementor-widget-wrap elementor-element-populated\">\n\t\t\t\t\t\t<div class=\"elementor-element elementor-element-705f2bd elementor-widget elementor-widget-ipost_grid\" data-id=\"705f2bd\" data-element_type=\"widget\" data-e-type=\"widget\" data-widget_type=\"ipost_grid.default\">\n\t\t\t\t<div class=\"elementor-widget-container\">\n\t\t\t\t\t\t\t<div class=\"blog-grid pf_4_cols v-light\">\r\n        \t \r\n<article id=\"post-2531\" class=\"post-box masonry-post-item post-2531 post type-post status-publish format-standard has-post-thumbnail hentry category-real-estate\">\r\n\t<div class=\"post-inner\">\r\n\t    \r\n\t        <div class=\"entry-media post-cat-abs\">\r\n\t            <a href=\"https:\/\/cubox.com.mx\/en\/el-tren-maya-impacto-en-el-valor-de-las-propiedades-y-la-economia\/\">\r\n\t                <img fetchpriority=\"high\" decoding=\"async\" width=\"1600\" height=\"900\" src=\"https:\/\/cubox.com.mx\/wp-content\/uploads\/2023\/09\/Imagen-tren-Maya.jpg\" class=\"attachment-post-thumbnail size-post-thumbnail wp-post-image\" alt=\"\" srcset=\"https:\/\/cubox.com.mx\/wp-content\/uploads\/2023\/09\/Imagen-tren-Maya.jpg 1600w, https:\/\/cubox.com.mx\/wp-content\/uploads\/2023\/09\/Imagen-tren-Maya-300x169.jpg 300w, https:\/\/cubox.com.mx\/wp-content\/uploads\/2023\/09\/Imagen-tren-Maya-1024x576.jpg 1024w, https:\/\/cubox.com.mx\/wp-content\/uploads\/2023\/09\/Imagen-tren-Maya-768x432.jpg 768w, https:\/\/cubox.com.mx\/wp-content\/uploads\/2023\/09\/Imagen-tren-Maya-1536x864.jpg 1536w, https:\/\/cubox.com.mx\/wp-content\/uploads\/2023\/09\/Imagen-tren-Maya-18x10.jpg 18w\" sizes=\"(max-width: 1600px) 100vw, 1600px\" \/>\t            <\/a>\r\n\t            <div class=\"post-cat\"><div class=\"posted-in\"><a href=\"https:\/\/cubox.com.mx\/en\/category\/real-estate\/\" rel=\"category tag\">Real Estate<\/a><\/div><\/div>\t        <\/div>\r\n\t        \r\n\t    \r\n\t    <div class=\"inner-post\">\r\n\t        <div class=\"entry-header\">\r\n\r\n\t            \t            <div class=\"entry-meta\">\r\n\t            \t<span class=\"posted-on\"><a href=\"https:\/\/cubox.com.mx\/en\/el-tren-maya-impacto-en-el-valor-de-las-propiedades-y-la-economia\/\" rel=\"bookmark\"><time class=\"entry-date published\" datetime=\"2023-09-04T19:08:17+00:00\">September 4, 2023<\/time><\/a><\/span><span class=\"byline\"><a class=\"url fn n\" href=\"https:\/\/cubox.com.mx\/en\/author\/alex-valadez\/\">Alejandro Valadez<\/a><\/span>\t            <\/div><!-- .entry-meta -->\r\n\t            \r\n\t            <h4 class=\"entry-title\"><a class=\"title-link\" href=\"https:\/\/cubox.com.mx\/en\/el-tren-maya-impacto-en-el-valor-de-las-propiedades-y-la-economia\/\" rel=\"bookmark\">El Tren Maya: Impacto en el Valor de las Propiedades y la Econom\u00eda<\/a><\/h4>\r\n\t        <\/div><!-- .entry-header -->\r\n\r\n\t        <div class=\"entry-summary the-excerpt\">\r\n\r\n\t            <p>El Tren Maya, un proyecto de infraestructura de envergadura en M\u00e9xico, ha acaparado la atenci\u00f3n tanto a nivel nacional como internacional. Este ambicioso proyecto, que fusiona el desarrollo tur\u00edstico y de transporte, tiene como prop\u00f3sito conectar varios destinos tur\u00edsticos en la Pen\u00ednsula de Yucat\u00e1n, lo que promete transformar la din\u00e1mica de viaje e inversi\u00f3n en [\u2026]<\/p>\n\r\n\t        <\/div><!-- .entry-content -->\r\n\t        <div class=\"entry-footer\">\r\n\t        \t<a href=\"https:\/\/cubox.com.mx\/en\/el-tren-maya-impacto-en-el-valor-de-las-propiedades-y-la-economia\/\" class=\"btn-details\"> Leer m\u00e1s<\/a>\t        <\/div>\r\n\t    <\/div>\r\n\t<\/div>\r\n<\/article> \r\n<article id=\"post-2284\" class=\"post-box masonry-post-item post-2284 post type-post status-publish format-standard has-post-thumbnail hentry category-real-estate\">\r\n\t<div class=\"post-inner\">\r\n\t    \r\n\t        <div class=\"entry-media post-cat-abs\">\r\n\t            <a href=\"https:\/\/cubox.com.mx\/en\/construccion-modular-transformando-el-paisaje-urbano\/\">\r\n\t                <img decoding=\"async\" width=\"2560\" height=\"1707\" src=\"https:\/\/cubox.com.mx\/wp-content\/uploads\/2023\/06\/CUBOX-1-Editada-scaled.jpg\" class=\"attachment-post-thumbnail size-post-thumbnail wp-post-image\" alt=\"Caba\u00f1a Espejo Cubox Modulares\" srcset=\"https:\/\/cubox.com.mx\/wp-content\/uploads\/2023\/06\/CUBOX-1-Editada-scaled.jpg 2560w, https:\/\/cubox.com.mx\/wp-content\/uploads\/2023\/06\/CUBOX-1-Editada-scaled-300x200.jpg 300w, https:\/\/cubox.com.mx\/wp-content\/uploads\/2023\/06\/CUBOX-1-Editada-scaled-1024x683.jpg 1024w, https:\/\/cubox.com.mx\/wp-content\/uploads\/2023\/06\/CUBOX-1-Editada-scaled-768x512.jpg 768w, https:\/\/cubox.com.mx\/wp-content\/uploads\/2023\/06\/CUBOX-1-Editada-scaled-1536x1024.jpg 1536w, https:\/\/cubox.com.mx\/wp-content\/uploads\/2023\/06\/CUBOX-1-Editada-scaled-2048x1366.jpg 2048w, https:\/\/cubox.com.mx\/wp-content\/uploads\/2023\/06\/CUBOX-1-Editada-scaled-18x12.jpg 18w\" sizes=\"(max-width: 2560px) 100vw, 2560px\" \/>\t            <\/a>\r\n\t            <div class=\"post-cat\"><div class=\"posted-in\"><a href=\"https:\/\/cubox.com.mx\/en\/category\/real-estate\/\" rel=\"category tag\">Real Estate<\/a><\/div><\/div>\t        <\/div>\r\n\t        \r\n\t    \r\n\t    <div class=\"inner-post\">\r\n\t        <div class=\"entry-header\">\r\n\r\n\t            \t            <div class=\"entry-meta\">\r\n\t            \t<span class=\"posted-on\"><a href=\"https:\/\/cubox.com.mx\/en\/construccion-modular-transformando-el-paisaje-urbano\/\" rel=\"bookmark\"><time class=\"entry-date published\" datetime=\"2023-06-23T23:56:25+00:00\">June 23, 2023<\/time><\/a><\/span><span class=\"byline\"><a class=\"url fn n\" href=\"https:\/\/cubox.com.mx\/en\/author\/alex-valadez\/\">Alejandro Valadez<\/a><\/span>\t            <\/div><!-- .entry-meta -->\r\n\t            \r\n\t            <h4 class=\"entry-title\"><a class=\"title-link\" href=\"https:\/\/cubox.com.mx\/en\/construccion-modular-transformando-el-paisaje-urbano\/\" rel=\"bookmark\">Construcci\u00f3n Modular: Transformando el Paisaje Urbano en Tul\u00fam<\/a><\/h4>\r\n\t        <\/div><!-- .entry-header -->\r\n\r\n\t        <div class=\"entry-summary the-excerpt\">\r\n\r\n\t            <p>Construir una casa en Tulum es un sue\u00f1o para muchos. La belleza natural de esta ciudad costera y su creciente popularidad como destino tur\u00edstico hacen que sea un lugar atractivo para establecerse. Si est\u00e1s considerando construir una casa en Tulum, la construcci\u00f3n modular puede ser una excelente opci\u00f3n, y una de las empresas destacadas en [\u2026]<\/p>\n\r\n\t        <\/div><!-- .entry-content -->\r\n\t        <div class=\"entry-footer\">\r\n\t        \t<a href=\"https:\/\/cubox.com.mx\/en\/construccion-modular-transformando-el-paisaje-urbano\/\" class=\"btn-details\"> Leer m\u00e1s<\/a>\t        <\/div>\r\n\t    <\/div>\r\n\t<\/div>\r\n<\/article> \r\n<article id=\"post-2258\" class=\"post-box masonry-post-item post-2258 post type-post status-publish format-standard has-post-thumbnail hentry category-real-estate\">\r\n\t<div class=\"post-inner\">\r\n\t    \r\n\t        <div class=\"entry-media post-cat-abs\">\r\n\t            <a href=\"https:\/\/cubox.com.mx\/en\/guia-de-cubox-para-las-mejores-ubicaciones-en-la-riviera-maya\/\">\r\n\t                <img decoding=\"async\" width=\"1920\" height=\"2560\" src=\"https:\/\/cubox.com.mx\/wp-content\/uploads\/2023\/05\/IMG_1995-1-scaled.jpg\" class=\"attachment-post-thumbnail size-post-thumbnail wp-post-image\" alt=\"\" srcset=\"https:\/\/cubox.com.mx\/wp-content\/uploads\/2023\/05\/IMG_1995-1-scaled.jpg 1920w, https:\/\/cubox.com.mx\/wp-content\/uploads\/2023\/05\/IMG_1995-1-scaled-225x300.jpg 225w, https:\/\/cubox.com.mx\/wp-content\/uploads\/2023\/05\/IMG_1995-1-scaled-768x1024.jpg 768w, https:\/\/cubox.com.mx\/wp-content\/uploads\/2023\/05\/IMG_1995-1-scaled-1152x1536.jpg 1152w, https:\/\/cubox.com.mx\/wp-content\/uploads\/2023\/05\/IMG_1995-1-scaled-1536x2048.jpg 1536w, https:\/\/cubox.com.mx\/wp-content\/uploads\/2023\/05\/IMG_1995-1-scaled-9x12.jpg 9w\" sizes=\"(max-width: 1920px) 100vw, 1920px\" \/>\t            <\/a>\r\n\t            <div class=\"post-cat\"><div class=\"posted-in\"><a href=\"https:\/\/cubox.com.mx\/en\/category\/real-estate\/\" rel=\"category tag\">Real Estate<\/a><\/div><\/div>\t        <\/div>\r\n\t        \r\n\t    \r\n\t    <div class=\"inner-post\">\r\n\t        <div class=\"entry-header\">\r\n\r\n\t            \t            <div class=\"entry-meta\">\r\n\t            \t<span class=\"posted-on\"><a href=\"https:\/\/cubox.com.mx\/en\/guia-de-cubox-para-las-mejores-ubicaciones-en-la-riviera-maya\/\" rel=\"bookmark\"><time class=\"entry-date published\" datetime=\"2023-05-14T11:11:58+00:00\">May 14, 2023<\/time><\/a><\/span><span class=\"byline\"><a class=\"url fn n\" href=\"https:\/\/cubox.com.mx\/en\/author\/alex-valadez\/\">Alejandro Valadez<\/a><\/span>\t            <\/div><!-- .entry-meta -->\r\n\t            \r\n\t            <h4 class=\"entry-title\"><a class=\"title-link\" href=\"https:\/\/cubox.com.mx\/en\/guia-de-cubox-para-las-mejores-ubicaciones-en-la-riviera-maya\/\" rel=\"bookmark\">Gu\u00eda de Cubox para las Mejores Ubicaciones en la Riviera Maya<\/a><\/h4>\r\n\t        <\/div><!-- .entry-header -->\r\n\r\n\t        <div class=\"entry-summary the-excerpt\">\r\n\r\n\t            <p>Cubox es una empresa de construcci\u00f3n modular que ofrece una forma innovadora y sostenible de construir viviendas. Su sistema de construcci\u00f3n modular permite tiempos de construcci\u00f3n m\u00e1s r\u00e1pidos, reducci\u00f3n de residuos y mayor eficiencia energ\u00e9tica. Las viviendas de Cubox est\u00e1n dise\u00f1adas para integrarse perfectamente con el entorno natural, lo que las hace ideales para construir [\u2026]<\/p>\n\r\n\t        <\/div><!-- .entry-content -->\r\n\t        <div class=\"entry-footer\">\r\n\t        \t<a href=\"https:\/\/cubox.com.mx\/en\/guia-de-cubox-para-las-mejores-ubicaciones-en-la-riviera-maya\/\" class=\"btn-details\"> Leer m\u00e1s<\/a>\t        <\/div>\r\n\t    <\/div>\r\n\t<\/div>\r\n<\/article> \r\n<article id=\"post-2057\" class=\"post-box masonry-post-item post-2057 post type-post status-publish format-standard has-post-thumbnail hentry category-real-estate\">\r\n\t<div class=\"post-inner\">\r\n\t    \r\n\t        <div class=\"entry-media post-cat-abs\">\r\n\t            <a href=\"https:\/\/cubox.com.mx\/en\/los-beneficios-de-la-construccion-modular-para-expatriados-en-mexico\/\">\r\n\t                <img loading=\"lazy\" decoding=\"async\" width=\"1130\" height=\"636\" src=\"https:\/\/cubox.com.mx\/wp-content\/uploads\/2023\/04\/Mayan-village-3-1.png\" class=\"attachment-post-thumbnail size-post-thumbnail wp-post-image\" alt=\"\" srcset=\"https:\/\/cubox.com.mx\/wp-content\/uploads\/2023\/04\/Mayan-village-3-1.png 1130w, https:\/\/cubox.com.mx\/wp-content\/uploads\/2023\/04\/Mayan-village-3-1-300x169.png 300w, https:\/\/cubox.com.mx\/wp-content\/uploads\/2023\/04\/Mayan-village-3-1-1024x576.png 1024w, https:\/\/cubox.com.mx\/wp-content\/uploads\/2023\/04\/Mayan-village-3-1-768x432.png 768w, https:\/\/cubox.com.mx\/wp-content\/uploads\/2023\/04\/Mayan-village-3-1-18x10.png 18w\" sizes=\"(max-width: 1130px) 100vw, 1130px\" \/>\t            <\/a>\r\n\t            <div class=\"post-cat\"><div class=\"posted-in\"><a href=\"https:\/\/cubox.com.mx\/en\/category\/real-estate\/\" rel=\"category tag\">Real Estate<\/a><\/div><\/div>\t        <\/div>\r\n\t        \r\n\t    \r\n\t    <div class=\"inner-post\">\r\n\t        <div class=\"entry-header\">\r\n\r\n\t            \t            <div class=\"entry-meta\">\r\n\t            \t<span class=\"posted-on\"><a href=\"https:\/\/cubox.com.mx\/en\/los-beneficios-de-la-construccion-modular-para-expatriados-en-mexico\/\" rel=\"bookmark\"><time class=\"entry-date published\" datetime=\"2023-04-10T15:12:26+00:00\">April 10, 2023<\/time><\/a><\/span><span class=\"byline\"><a class=\"url fn n\" href=\"https:\/\/cubox.com.mx\/en\/author\/alex-valadez\/\">Alejandro Valadez<\/a><\/span>\t            <\/div><!-- .entry-meta -->\r\n\t            \r\n\t            <h4 class=\"entry-title\"><a class=\"title-link\" href=\"https:\/\/cubox.com.mx\/en\/los-beneficios-de-la-construccion-modular-para-expatriados-en-mexico\/\" rel=\"bookmark\">Beneficios de la construcci\u00f3n modular para expatriados en M\u00e9xico<\/a><\/h4>\r\n\t        <\/div><!-- .entry-header -->\r\n\r\n\t        <div class=\"entry-summary the-excerpt\">\r\n\r\n\t            <p>La construcci\u00f3n modular se ha vuelto cada vez m\u00e1s popular entre los expatriados en M\u00e9xico en los \u00faltimos a\u00f1os. Este m\u00e9todo de construcci\u00f3n ofrece una serie de beneficios sobre la construcci\u00f3n tradicional, lo que lo convierte en una opci\u00f3n atractiva para aquellos que buscan construir una casa o invertir en propiedad en M\u00e9xico. En este [\u2026]<\/p>\n\r\n\t        <\/div><!-- .entry-content -->\r\n\t        <div class=\"entry-footer\">\r\n\t        \t<a href=\"https:\/\/cubox.com.mx\/en\/los-beneficios-de-la-construccion-modular-para-expatriados-en-mexico\/\" class=\"btn-details\"> Leer m\u00e1s<\/a>\t        <\/div>\r\n\t    <\/div>\r\n\t<\/div>\r\n<\/article>\t    <\/div>\r\n\t    \t    \r\n\t\t\t\t\t\t<\/div>\n\t\t\t\t<\/div>\n\t\t\t\t\t<\/div>\n\t\t<\/div>\n\t\t\t\t\t<\/div>\n\t\t<\/section>\n\t\t\t\t<\/div>\n\t\t","protected":false},"excerpt":{"rendered":"<p>Real Estate September 4, 2023Alejandro Valadez El Tren Maya: Impacto en el Valor de las Propiedades y la Econom\u00eda El Tren Maya, un proyecto de infraestructura de envergadura en M\u00e9xico, ha acaparado la atenci\u00f3n tanto a nivel nacional como internacional. Este ambicioso proyecto, que fusiona el desarrollo tur\u00edstico y de transporte, tiene como prop\u00f3sito conectar [&hellip;]<\/p>\n","protected":false},"author":3,"featured_media":0,"parent":0,"menu_order":0,"comment_status":"closed","ping_status":"closed","template":"","meta":{"_monsterinsights_skip_tracking":false,"_monsterinsights_sitenote_active":false,"_monsterinsights_sitenote_note":"","_monsterinsights_sitenote_category":0,"_joinchat":[],"footnotes":""},"class_list":["post-3985","page","type-page","status-publish","hentry"],"acf":[],"aioseo_notices":[],"_links":{"self":[{"href":"https:\/\/cubox.com.mx\/en\/wp-json\/wp\/v2\/pages\/3985","targetHints":{"allow":["GET"]}}],"collection":[{"href":"https:\/\/cubox.com.mx\/en\/wp-json\/wp\/v2\/pages"}],"about":[{"href":"https:\/\/cubox.com.mx\/en\/wp-json\/wp\/v2\/types\/page"}],"author":[{"embeddable":true,"href":"https:\/\/cubox.com.mx\/en\/wp-json\/wp\/v2\/users\/3"}],"replies":[{"embeddable":true,"href":"https:\/\/cubox.com.mx\/en\/wp-json\/wp\/v2\/comments?post=3985"}],"version-history":[{"count":4,"href":"https:\/\/cubox.com.mx\/en\/wp-json\/wp\/v2\/pages\/3985\/revisions"}],"predecessor-version":[{"id":5128,"href":"https:\/\/cubox.com.mx\/en\/wp-json\/wp\/v2\/pages\/3985\/revisions\/5128"}],"wp:attachment":[{"href":"https:\/\/cubox.com.mx\/en\/wp-json\/wp\/v2\/media?parent=3985"}],"curies":[{"name":"wp","href":"https:\/\/api.w.org\/{rel}","templated":true}]}}