{"id":4559,"date":"2020-05-08T06:54:27","date_gmt":"2020-05-08T06:54:27","guid":{"rendered":"http:\/\/localhost\/theratio\/?page_id=2014"},"modified":"2025-12-08T21:33:15","modified_gmt":"2025-12-08T21:33:15","slug":"contacts","status":"publish","type":"page","link":"https:\/\/cubox.com.mx\/en\/contacts\/","title":{"rendered":"Contact"},"content":{"rendered":"\t\t<div data-elementor-type=\"wp-page\" data-elementor-id=\"4559\" class=\"elementor elementor-4559\">\n\t\t\t\t\t\t<section class=\"elementor-section elementor-top-section elementor-element elementor-element-3492446 elementor-section-content-middle elementor-section-boxed elementor-section-height-default elementor-section-height-default\" data-id=\"3492446\" data-element_type=\"section\" data-e-type=\"section\">\n\t\t\t\t\t\t<div class=\"elementor-container elementor-column-gap-extended\">\n\t\t\t\t\t<div class=\"elementor-column elementor-col-50 elementor-top-column elementor-element elementor-element-c8de834 ot-flex-column-vertical\" data-id=\"c8de834\" data-element_type=\"column\" data-e-type=\"column\">\n\t\t\t<div class=\"elementor-widget-wrap elementor-element-populated\">\n\t\t\t\t\t\t<div class=\"elementor-element elementor-element-7784e75 elementor-widget elementor-widget-heading\" data-id=\"7784e75\" data-element_type=\"widget\" data-e-type=\"widget\" data-widget_type=\"heading.default\">\n\t\t\t\t<div class=\"elementor-widget-container\">\n\t\t\t\t\t<h2 class=\"elementor-heading-title elementor-size-default\">Comp\u00e1rtenos tu informaci\u00f3n  y un asesor se pondr\u00e1 en contacto contigo.<\/h2>\t\t\t\t<\/div>\n\t\t\t\t<\/div>\n\t\t\t\t<div class=\"elementor-element elementor-element-2bc0966 elementor-widget elementor-widget-shortcode\" data-id=\"2bc0966\" data-element_type=\"widget\" data-e-type=\"widget\" data-widget_type=\"shortcode.default\">\n\t\t\t\t<div class=\"elementor-widget-container\">\n\t\t\t\t\t\t\t<div class=\"elementor-shortcode\">\n<div class=\"wpcf7 no-js\" id=\"wpcf7-f5415-o1\" lang=\"es-MX\" dir=\"ltr\" data-wpcf7-id=\"5415\">\n<div class=\"screen-reader-response\"><p role=\"status\" aria-live=\"polite\" aria-atomic=\"true\"><\/p> <ul><\/ul><\/div>\n<form action=\"\/en\/wp-json\/wp\/v2\/pages\/4559#wpcf7-f5415-o1\" method=\"post\" class=\"wpcf7-form init\" aria-label=\"Formulario de contacto\" novalidate=\"novalidate\" data-status=\"init\">\n<fieldset class=\"hidden-fields-container\"><input type=\"hidden\" name=\"_wpcf7\" value=\"5415\" \/><input type=\"hidden\" name=\"_wpcf7_version\" value=\"6.1.5\" \/><input type=\"hidden\" name=\"_wpcf7_locale\" value=\"es_MX\" \/><input type=\"hidden\" name=\"_wpcf7_unit_tag\" value=\"wpcf7-f5415-o1\" \/><input type=\"hidden\" name=\"_wpcf7_container_post\" value=\"0\" \/><input type=\"hidden\" name=\"_wpcf7_posted_data_hash\" value=\"\" \/>\n<\/fieldset>\n<p><label> Nombre Completo<br \/>\n<span class=\"wpcf7-form-control-wrap\" data-name=\"your-name\"><input size=\"40\" maxlength=\"400\" class=\"wpcf7-form-control wpcf7-text wpcf7-validates-as-required\" autocomplete=\"name\" aria-required=\"true\" aria-invalid=\"false\" value=\"\" type=\"text\" name=\"your-name\" \/><\/span> <\/label>\n<\/p>\n<p><label> Email<br \/>\n<span class=\"wpcf7-form-control-wrap\" data-name=\"your-email\"><input size=\"40\" maxlength=\"400\" class=\"wpcf7-form-control wpcf7-email wpcf7-validates-as-required wpcf7-text wpcf7-validates-as-email\" autocomplete=\"email\" aria-required=\"true\" aria-invalid=\"false\" value=\"\" type=\"email\" name=\"your-email\" \/><\/span> <\/label>\n<\/p>\n<p><label> Tel\u00e9fono<br \/>\n<span class=\"wpcf7-form-control-wrap\" data-name=\"tel-479\"><input size=\"40\" maxlength=\"400\" class=\"wpcf7-form-control wpcf7-tel wpcf7-validates-as-required wpcf7-text wpcf7-validates-as-tel\" aria-required=\"true\" aria-invalid=\"false\" value=\"\" type=\"tel\" name=\"tel-479\" \/><\/span><\/label>\n<\/p>\n<p><label> Tu mensaje (opcional)<br \/>\n<span class=\"wpcf7-form-control-wrap\" data-name=\"your-message\"><textarea cols=\"40\" rows=\"10\" maxlength=\"2000\" class=\"wpcf7-form-control wpcf7-textarea\" aria-invalid=\"false\" name=\"your-message\"><\/textarea><\/span> <\/label>\n<\/p>\n<p><input class=\"wpcf7-form-control wpcf7-submit has-spinner\" type=\"submit\" value=\"Enviar\" \/>\n<\/p><div class=\"wpcf7-response-output\" aria-hidden=\"true\"><\/div>\n<\/form>\n<\/div>\n<\/div>\n\t\t\t\t\t\t<\/div>\n\t\t\t\t<\/div>\n\t\t\t\t\t<\/div>\n\t\t<\/div>\n\t\t\t\t<div class=\"elementor-column elementor-col-50 elementor-top-column elementor-element elementor-element-131457d ot-flex-column-vertical\" data-id=\"131457d\" data-element_type=\"column\" data-e-type=\"column\" data-settings=\"{&quot;background_background&quot;:&quot;classic&quot;}\">\n\t\t\t<div class=\"elementor-widget-wrap elementor-element-populated\">\n\t\t\t\t\t\t<div class=\"elementor-element elementor-element-6a183e2 elementor-widget elementor-widget-iheading\" data-id=\"6a183e2\" data-element_type=\"widget\" data-e-type=\"widget\" data-widget_type=\"iheading.default\">\n\t\t\t\t<div class=\"elementor-widget-container\">\n\t\t\t\t\t\t\t<div class=\"ot-heading \">\r\n\t        <span>[ Informaci\u00f3n de Contacto ]<\/span>\t        <h2 class=\"main-heading\">Cu\u00e9ntanos sobre tu idea y hag\u00e1mosla realidad.<\/h2>\t    <\/div>\r\n\t    \t\t\t\t<\/div>\n\t\t\t\t<\/div>\n\t\t\t\t<div class=\"elementor-element elementor-element-c6c295b elementor-widget elementor-widget-text-editor\" data-id=\"c6c295b\" data-element_type=\"widget\" data-e-type=\"widget\" data-widget_type=\"text-editor.default\">\n\t\t\t\t<div class=\"elementor-widget-container\">\n\t\t\t\t\t\t\t\t\t<p>Si lo prefieres puedes contactarnos por correo electr\u00f3nico o tel\u00e9fono.<\/p>\t\t\t\t\t\t\t\t<\/div>\n\t\t\t\t<\/div>\n\t\t\t\t<div class=\"elementor-element elementor-element-6942fc6 elementor-widget elementor-widget-icontact_info\" data-id=\"6942fc6\" data-element_type=\"widget\" data-e-type=\"widget\" data-widget_type=\"icontact_info.default\">\n\t\t\t\t<div class=\"elementor-widget-container\">\n\t\t\t\t\t\t    \t<div class=\"contact-info\">\r\n\t\t        \t\t\t    \r\n\t\t\t    \t\t        <i class=\"ot-flaticon-place\"><\/i>\r\n\t\t        <div class=\"info-text\">\r\n\t\t        \t<h6>DIRECCI\u00d3N:<\/h6>\t\t        \t<p>Av. Alfonso Reyes #2615 int 903 Col. Del Paseo Residencial. Monterrey, N.l.<\/p>\t\t        <\/div>\r\n\t\t    <\/div>\r\n\t    \t\t\t\t<\/div>\n\t\t\t\t<\/div>\n\t\t\t\t<div class=\"elementor-element elementor-element-1e04d08 elementor-widget elementor-widget-icontact_info\" data-id=\"1e04d08\" data-element_type=\"widget\" data-e-type=\"widget\" data-widget_type=\"icontact_info.default\">\n\t\t\t\t<div class=\"elementor-widget-container\">\n\t\t\t\t\t\t    \t<div class=\"contact-info\">\r\n\t\t        \t\t\t    \r\n\t\t\t    \t\t        <i class=\"ot-flaticon-mail\"><\/i>\r\n\t\t        <div class=\"info-text\">\r\n\t\t        \t<h6>CORREO ELECTR\u00d3NICO<\/h6>\t\t        \t<p><a href=\"mailto:hola@cubox.com.mx\">hola@cubox.com.mx<\/a><\/p>\t\t        <\/div>\r\n\t\t    <\/div>\r\n\t    \t\t\t\t<\/div>\n\t\t\t\t<\/div>\n\t\t\t\t<div class=\"elementor-element elementor-element-0fecad6 elementor-widget elementor-widget-icontact_info\" data-id=\"0fecad6\" data-element_type=\"widget\" data-e-type=\"widget\" data-widget_type=\"icontact_info.default\">\n\t\t\t\t<div class=\"elementor-widget-container\">\n\t\t\t\t\t\t    \t<div class=\"contact-info\">\r\n\t\t        \t\t\t    \r\n\t\t\t    \t\t        <i class=\"ot-flaticon-phone-call\"><\/i>\r\n\t\t        <div class=\"info-text\">\r\n\t\t        \t<h6>TEL\u00c9FONO:<\/h6>\t\t        \t<p><a href=\"tel:+ 52 812 370 8695\">+52 812 370 8695,<\/a>\n<a href=\"tel:+ 52 811 596 9166\">+52 811 596 9166<\/a><\/p>\t\t        <\/div>\r\n\t\t    <\/div>\r\n\t    \t\t\t\t<\/div>\n\t\t\t\t<\/div>\n\t\t\t\t<div class=\"elementor-element elementor-element-6d3148f e-grid-align-left elementor-shape-rounded elementor-grid-0 elementor-widget elementor-widget-social-icons\" data-id=\"6d3148f\" data-element_type=\"widget\" data-e-type=\"widget\" data-widget_type=\"social-icons.default\">\n\t\t\t\t<div class=\"elementor-widget-container\">\n\t\t\t\t\t\t\t<div class=\"elementor-social-icons-wrapper elementor-grid\" role=\"list\">\n\t\t\t\t\t\t\t<span class=\"elementor-grid-item\" role=\"listitem\">\n\t\t\t\t\t<a class=\"elementor-icon elementor-social-icon elementor-social-icon-facebook-f elementor-repeater-item-030f11b\" href=\"https:\/\/www.facebook.com\/construyeconcubox\" target=\"_blank\">\n\t\t\t\t\t\t<span class=\"elementor-screen-only\">Facebook-f<\/span>\n\t\t\t\t\t\t<i aria-hidden=\"true\" class=\"fab fa-facebook-f\"><\/i>\t\t\t\t\t<\/a>\n\t\t\t\t<\/span>\n\t\t\t\t\t\t\t<span class=\"elementor-grid-item\" role=\"listitem\">\n\t\t\t\t\t<a class=\"elementor-icon elementor-social-icon elementor-social-icon-instagram elementor-repeater-item-b977f7f\" href=\"https:\/\/www.instagram.com\/cuboxmx\/\" target=\"_blank\">\n\t\t\t\t\t\t<span class=\"elementor-screen-only\">Instagram<\/span>\n\t\t\t\t\t\t<i aria-hidden=\"true\" class=\"fab fa-instagram\"><\/i>\t\t\t\t\t<\/a>\n\t\t\t\t<\/span>\n\t\t\t\t\t<\/div>\n\t\t\t\t\t\t<\/div>\n\t\t\t\t<\/div>\n\t\t\t\t\t<\/div>\n\t\t<\/div>\n\t\t\t\t\t<\/div>\n\t\t<\/section>\n\t\t\t\t<section class=\"elementor-section elementor-top-section elementor-element elementor-element-1c7707d elementor-section-full_width elementor-section-height-default elementor-section-height-default\" data-id=\"1c7707d\" data-element_type=\"section\" data-e-type=\"section\">\n\t\t\t\t\t\t<div class=\"elementor-container elementor-column-gap-default\">\n\t\t\t\t\t<div class=\"elementor-column elementor-col-100 elementor-top-column elementor-element elementor-element-3972b22 ot-flex-column-vertical\" data-id=\"3972b22\" data-element_type=\"column\" data-e-type=\"column\">\n\t\t\t<div class=\"elementor-widget-wrap elementor-element-populated\">\n\t\t\t\t\t\t<div class=\"elementor-element elementor-element-d0a39be elementor-widget elementor-widget-google_maps\" data-id=\"d0a39be\" data-element_type=\"widget\" data-e-type=\"widget\" data-widget_type=\"google_maps.default\">\n\t\t\t\t<div class=\"elementor-widget-container\">\n\t\t\t\t\t\t\t<div class=\"elementor-custom-embed\">\n\t\t\t<iframe loading=\"lazy\"\n\t\t\t\t\tsrc=\"https:\/\/maps.google.com\/maps?q=Avenida%20Alfonso%20Reyes%20%232615%20Del%20paseo%20residencial%20monterrey&t=m&z=10&output=embed&iwloc=near\"\n\t\t\t\t\ttitle=\"Avenida Alfonso Reyes #2615 Del paseo residencial monterrey\"\n\t\t\t\t\taria-label=\"Avenida Alfonso Reyes #2615 Del paseo residencial monterrey\"\n\t\t\t><\/iframe>\n\t\t<\/div>\n\t\t\t\t\t\t<\/div>\n\t\t\t\t<\/div>\n\t\t\t\t\t<\/div>\n\t\t<\/div>\n\t\t\t\t\t<\/div>\n\t\t<\/section>\n\t\t\t\t<\/div>\n\t\t","protected":false},"excerpt":{"rendered":"<p>Comp\u00e1rtenos tu informaci\u00f3n y un asesor se pondr\u00e1 en contacto contigo. [ Informaci\u00f3n de Contacto ] Cu\u00e9ntanos sobre tu idea y hag\u00e1mosla realidad. Si lo prefieres puedes contactarnos por correo electr\u00f3nico o tel\u00e9fono. DIRECCI\u00d3N: Av. Alfonso Reyes #2615 int 903 Col. Del Paseo Residencial. Monterrey, N.l. CORREO ELECTR\u00d3NICO hola@cubox.com.mx TEL\u00c9FONO: +52 812 370 8695, +52 [&hellip;]<\/p>\n","protected":false},"author":3,"featured_media":0,"parent":0,"menu_order":0,"comment_status":"closed","ping_status":"closed","template":"","meta":{"_monsterinsights_skip_tracking":false,"_monsterinsights_sitenote_active":false,"_monsterinsights_sitenote_note":"","_monsterinsights_sitenote_category":0,"_joinchat":[],"footnotes":""},"class_list":["post-4559","page","type-page","status-publish","hentry"],"acf":[],"aioseo_notices":[],"_links":{"self":[{"href":"https:\/\/cubox.com.mx\/en\/wp-json\/wp\/v2\/pages\/4559","targetHints":{"allow":["GET"]}}],"collection":[{"href":"https:\/\/cubox.com.mx\/en\/wp-json\/wp\/v2\/pages"}],"about":[{"href":"https:\/\/cubox.com.mx\/en\/wp-json\/wp\/v2\/types\/page"}],"author":[{"embeddable":true,"href":"https:\/\/cubox.com.mx\/en\/wp-json\/wp\/v2\/users\/3"}],"replies":[{"embeddable":true,"href":"https:\/\/cubox.com.mx\/en\/wp-json\/wp\/v2\/comments?post=4559"}],"version-history":[{"count":36,"href":"https:\/\/cubox.com.mx\/en\/wp-json\/wp\/v2\/pages\/4559\/revisions"}],"predecessor-version":[{"id":5428,"href":"https:\/\/cubox.com.mx\/en\/wp-json\/wp\/v2\/pages\/4559\/revisions\/5428"}],"wp:attachment":[{"href":"https:\/\/cubox.com.mx\/en\/wp-json\/wp\/v2\/media?parent=4559"}],"curies":[{"name":"wp","href":"https:\/\/api.w.org\/{rel}","templated":true}]}}