{"id":4560,"date":"2020-05-11T02:30:14","date_gmt":"2020-05-11T02:30:14","guid":{"rendered":"http:\/\/localhost\/theratio\/?page_id=2048"},"modified":"2024-08-29T15:50:29","modified_gmt":"2024-08-29T15:50:29","slug":"faqs-2","status":"publish","type":"page","link":"https:\/\/cubox.com.mx\/en\/faqs-2\/","title":{"rendered":"FAQs"},"content":{"rendered":"\t\t<div data-elementor-type=\"wp-page\" data-elementor-id=\"4560\" class=\"elementor elementor-4560\">\n\t\t\t\t\t\t<section class=\"elementor-section elementor-top-section elementor-element elementor-element-91d81d7 elementor-section-boxed elementor-section-height-default elementor-section-height-default\" data-id=\"91d81d7\" data-element_type=\"section\" data-e-type=\"section\">\n\t\t\t\t\t\t<div class=\"elementor-container elementor-column-gap-default\">\n\t\t\t\t\t<div class=\"elementor-column elementor-col-100 elementor-top-column elementor-element elementor-element-9550639 ot-flex-column-vertical\" data-id=\"9550639\" data-element_type=\"column\" data-e-type=\"column\">\n\t\t\t<div class=\"elementor-widget-wrap elementor-element-populated\">\n\t\t\t\t\t\t<div class=\"elementor-element elementor-element-e6fcb1c theratio-align-center elementor-widget elementor-widget-iheading\" data-id=\"e6fcb1c\" data-element_type=\"widget\" data-e-type=\"widget\" data-widget_type=\"iheading.default\">\n\t\t\t\t<div class=\"elementor-widget-container\">\n\t\t\t\t\t\t\t<div class=\"ot-heading is-dots\">\r\n\t        <span>[ FAQ`s ]<\/span>\t        <h2 class=\"main-heading\">Preguntas m\u00e1s populares<\/h2>\t    <\/div>\r\n\t    \t\t\t\t<\/div>\n\t\t\t\t<\/div>\n\t\t\t\t<section class=\"elementor-section elementor-inner-section elementor-element elementor-element-7975f21 elementor-section-full_width elementor-section-height-default elementor-section-height-default\" data-id=\"7975f21\" data-element_type=\"section\" data-e-type=\"section\">\n\t\t\t\t\t\t<div class=\"elementor-container elementor-column-gap-extended\">\n\t\t\t\t\t<div class=\"elementor-column elementor-col-50 elementor-inner-column elementor-element elementor-element-b91c244 ot-flex-column-vertical\" data-id=\"b91c244\" data-element_type=\"column\" data-e-type=\"column\">\n\t\t\t<div class=\"elementor-widget-wrap elementor-element-populated\">\n\t\t\t\t\t\t<div class=\"elementor-element elementor-element-f2d7c72 elementor-widget elementor-widget-iaccordions\" data-id=\"f2d7c72\" data-element_type=\"widget\" data-e-type=\"widget\" data-widget_type=\"iaccordions.default\">\n\t\t\t\t<div class=\"elementor-widget-container\">\n\t\t\t\t\t\r\n\t\t<div class=\"ot-accordions\">\r\n\t\t\t\t\t\t<div class=\"acc-item\">\r\n\t\t\t\t<div class=\"acc-toggle flex-middle\" data-default=\"yes\">\u00bfQu\u00e9 es la construcci\u00f3n modular y en qu\u00e9 se diferencia de la construcci\u00f3n tradicional? \r\n\t\t\t\t\t\t\t\t\t\t\t\t\t\t\t\t\t\t<span class=\"down\"><i class=\"fas fa-plus\"><\/i><\/span>\r\n\t\t\t\t\t\t\t<span class=\"up\"><i class=\"far fa-window-minimize\"><\/i><\/span>\r\n\t\t\t\t\t\t\t\t\t\t\t\t\t\t\t<\/div>\r\n\t\t\t\t<div class=\"acc-content\">\r\n\t\t\t\t\t<p>La construcci\u00f3n modular es un m\u00e9todo de construcci\u00f3n que implica el uso de m\u00f3dulos prefabricados en f\u00e1brica y su ensamblaje en el sitio de construcci\u00f3n. Se diferencia de la construcci\u00f3n tradicional en la eficiencia, rapidez y sostenibilidad.<\/p>\t\t\t\t<\/div>\r\n\t\t\t<\/div>\r\n\t\t\t\t\t\t<div class=\"acc-item\">\r\n\t\t\t\t<div class=\"acc-toggle flex-middle\" data-default=\"\">\u00bfCu\u00e1les son las ventajas de elegir la construcci\u00f3n modular de Cubox? \r\n\t\t\t\t\t\t\t\t\t\t\t\t\t\t\t\t\t\t<span class=\"down\"><i class=\"fas fa-plus\"><\/i><\/span>\r\n\t\t\t\t\t\t\t<span class=\"up\"><i class=\"far fa-window-minimize\"><\/i><\/span>\r\n\t\t\t\t\t\t\t\t\t\t\t\t\t\t\t<\/div>\r\n\t\t\t\t<div class=\"acc-content\">\r\n\t\t\t\t\t<p>Cubox ofrece construcci\u00f3n r\u00e1pida, costos reducidos, impacto ambiental m\u00ednimo, y dise\u00f1os flexibles y sostenibles. No requiere permisos ni maquinaria pesada, y adem\u00e1s, es reubicable para mayor versatilidad.<\/p>\t\t\t\t<\/div>\r\n\t\t\t<\/div>\r\n\t\t\t\t\t\t<div class=\"acc-item\">\r\n\t\t\t\t<div class=\"acc-toggle flex-middle\" data-default=\"\">\u00bfCu\u00e1les son las dimensiones disponibles de los Cubox? \r\n\t\t\t\t\t\t\t\t\t\t\t\t\t\t\t\t\t\t<span class=\"down\"><i class=\"fas fa-plus\"><\/i><\/span>\r\n\t\t\t\t\t\t\t<span class=\"up\"><i class=\"far fa-window-minimize\"><\/i><\/span>\r\n\t\t\t\t\t\t\t\t\t\t\t\t\t\t\t<\/div>\r\n\t\t\t\t<div class=\"acc-content\">\r\n\t\t\t\t\t<p>Ofrecemos dos tama\u00f1os de Cubox disponibles: 6\u00d73 metros cuadrados y 3\u00d73 metros cuadrados. Nuestros Cubox se pueden configurar para adaptarse a pr\u00e1cticamente cualquier idea o necesidad espec\u00edfica que tengas en mente.<\/p>\t\t\t\t<\/div>\r\n\t\t\t<\/div>\r\n\t\t\t\t\t\t<div class=\"acc-item\">\r\n\t\t\t\t<div class=\"acc-toggle flex-middle\" data-default=\"\">\u00bfQu\u00e9 tipos de proyectos pueden beneficiarse de la construcci\u00f3n modular? \r\n\t\t\t\t\t\t\t\t\t\t\t\t\t\t\t\t\t\t<span class=\"down\"><i class=\"fas fa-plus\"><\/i><\/span>\r\n\t\t\t\t\t\t\t<span class=\"up\"><i class=\"far fa-window-minimize\"><\/i><\/span>\r\n\t\t\t\t\t\t\t\t\t\t\t\t\t\t\t<\/div>\r\n\t\t\t\t<div class=\"acc-content\">\r\n\t\t\t\t\t<p dir=\"ltr\">La construcci\u00f3n modular es adecuada para una amplia variedad de proyectos, desde viviendas hasta edificios comerciales, hoteles, casas residenciales, oficinas y m\u00e1s.<\/p>\t\t\t\t<\/div>\r\n\t\t\t<\/div>\r\n\t\t\t\t\t\t<div class=\"acc-item\">\r\n\t\t\t\t<div class=\"acc-toggle flex-middle\" data-default=\"\">\u00bfC\u00f3mo puedo obtener una cotizaci\u00f3n para mi proyecto? \r\n\t\t\t\t\t\t\t\t\t\t\t\t\t\t\t\t\t\t<span class=\"down\"><i class=\"fas fa-plus\"><\/i><\/span>\r\n\t\t\t\t\t\t\t<span class=\"up\"><i class=\"far fa-window-minimize\"><\/i><\/span>\r\n\t\t\t\t\t\t\t\t\t\t\t\t\t\t\t<\/div>\r\n\t\t\t\t<div class=\"acc-content\">\r\n\t\t\t\t\t<p dir=\"ltr\">Puede obtener una cotizaci\u00f3n para su proyecto poni\u00e9ndose en contacto con nuestro equipo a trav\u00e9s de nuestro sitio web https:\/\/cubox.com.mx\/contacto\/ o por Whatsapp al tel\u00e9fono +52 984 145 0404.\u00a0<\/p>\t\t\t\t<\/div>\r\n\t\t\t<\/div>\r\n\t\t\t\t\t\t<div class=\"acc-item\">\r\n\t\t\t\t<div class=\"acc-toggle flex-middle\" data-default=\"\">\u00bfCu\u00e1nto tiempo lleva construir una estructura modular con Cubox? \r\n\t\t\t\t\t\t\t\t\t\t\t\t\t\t\t\t\t\t<span class=\"down\"><i class=\"fas fa-plus\"><\/i><\/span>\r\n\t\t\t\t\t\t\t<span class=\"up\"><i class=\"far fa-window-minimize\"><\/i><\/span>\r\n\t\t\t\t\t\t\t\t\t\t\t\t\t\t\t<\/div>\r\n\t\t\t\t<div class=\"acc-content\">\r\n\t\t\t\t\t<p dir=\"ltr\">El tiempo de construcci\u00f3n var\u00eda seg\u00fan el tama\u00f1o y la complejidad del proyecto, sin embargo el sistema llega a permitir construir un estudio de 36 m2 en 1 mes.\u00a0<\/p>\t\t\t\t<\/div>\r\n\t\t\t<\/div>\r\n\t\t\t\t\t\t<div class=\"acc-item\">\r\n\t\t\t\t<div class=\"acc-toggle flex-middle\" data-default=\"\">\u00bfCu\u00e1les son las opciones de dise\u00f1o disponibles para las estructuras modulares de Cubox? \r\n\t\t\t\t\t\t\t\t\t\t\t\t\t\t\t\t\t\t<span class=\"down\"><i class=\"fas fa-plus\"><\/i><\/span>\r\n\t\t\t\t\t\t\t<span class=\"up\"><i class=\"far fa-window-minimize\"><\/i><\/span>\r\n\t\t\t\t\t\t\t\t\t\t\t\t\t\t\t<\/div>\r\n\t\t\t\t<div class=\"acc-content\">\r\n\t\t\t\t\t<p dir=\"ltr\">Ofrecemos una amplia gama de opciones de dise\u00f1o est\u00e1ndar, adem\u00e1s tambi\u00e9n podemos generar un dise\u00f1o ad hoc con nuestro equipo de arquitectos.\u00a0<\/p>\t\t\t\t<\/div>\r\n\t\t\t<\/div>\r\n\t\t\t\t\t\t<div class=\"acc-item\">\r\n\t\t\t\t<div class=\"acc-toggle flex-middle\" data-default=\"\">\u00bfSon las estructuras modulares de Cubox resistentes y seguras? \r\n\t\t\t\t\t\t\t\t\t\t\t\t\t\t\t\t\t\t<span class=\"down\"><i class=\"fas fa-plus\"><\/i><\/span>\r\n\t\t\t\t\t\t\t<span class=\"up\"><i class=\"far fa-window-minimize\"><\/i><\/span>\r\n\t\t\t\t\t\t\t\t\t\t\t\t\t\t\t<\/div>\r\n\t\t\t\t<div class=\"acc-content\">\r\n\t\t\t\t\t<p>S\u00ed, nuestras estructuras modulares de acero cumplen con los est\u00e1ndares de seguridad y est\u00e1n dise\u00f1adas para ser duraderas y resistentes. Adem\u00e1s de que son aislantes al ruido y a las altas temperaturas.\u00a0<\/p><p>Pregunta por nuestra ficha t\u00e9cnica si deseas m\u00e1s informaci\u00f3n<\/p>\t\t\t\t<\/div>\r\n\t\t\t<\/div>\r\n\t\t\t\t\t\t<div class=\"acc-item\">\r\n\t\t\t\t<div class=\"acc-toggle flex-middle\" data-default=\"\">\u00bfQu\u00e9 medidas toma Cubox para ser sostenible y respetuoso con el medio ambiente? \r\n\t\t\t\t\t\t\t\t\t\t\t\t\t\t\t\t\t\t<span class=\"down\"><i class=\"fas fa-plus\"><\/i><\/span>\r\n\t\t\t\t\t\t\t<span class=\"up\"><i class=\"far fa-window-minimize\"><\/i><\/span>\r\n\t\t\t\t\t\t\t\t\t\t\t\t\t\t\t<\/div>\r\n\t\t\t\t<div class=\"acc-content\">\r\n\t\t\t\t\t<p dir=\"ltr\">Cubox se compromete con la sostenibilidad y utiliza materiales ecol\u00f3gicos, procesos eficientes y tecnolog\u00edas verdes en su fabricaci\u00f3n.\u00a0<\/p>\t\t\t\t<\/div>\r\n\t\t\t<\/div>\r\n\t\t\t\t\t\t<div class=\"acc-item\">\r\n\t\t\t\t<div class=\"acc-toggle flex-middle\" data-default=\"\">\u00bfOfrecen servicios de mantenimiento para las estructuras modulares? \r\n\t\t\t\t\t\t\t\t\t\t\t\t\t\t\t\t\t\t<span class=\"down\"><i class=\"fas fa-plus\"><\/i><\/span>\r\n\t\t\t\t\t\t\t<span class=\"up\"><i class=\"far fa-window-minimize\"><\/i><\/span>\r\n\t\t\t\t\t\t\t\t\t\t\t\t\t\t\t<\/div>\r\n\t\t\t\t<div class=\"acc-content\">\r\n\t\t\t\t\t<p dir=\"ltr\">S\u00ed, ofrecemos servicios de mantenimiento, sin embargo el mantenimiento necesario para nuestro sistema es m\u00ednimo.\u00a0<\/p>\t\t\t\t<\/div>\r\n\t\t\t<\/div>\r\n\t\t\t\t    <\/div>\r\n\r\n\t    \t\t\t\t<\/div>\n\t\t\t\t<\/div>\n\t\t\t\t\t<\/div>\n\t\t<\/div>\n\t\t\t\t<div class=\"elementor-column elementor-col-50 elementor-inner-column elementor-element elementor-element-1054d3a ot-flex-column-vertical\" data-id=\"1054d3a\" data-element_type=\"column\" data-e-type=\"column\">\n\t\t\t<div class=\"elementor-widget-wrap elementor-element-populated\">\n\t\t\t\t\t\t<div class=\"elementor-element elementor-element-550849f elementor-widget elementor-widget-iaccordions\" data-id=\"550849f\" data-element_type=\"widget\" data-e-type=\"widget\" data-widget_type=\"iaccordions.default\">\n\t\t\t\t<div class=\"elementor-widget-container\">\n\t\t\t\t\t\r\n\t\t<div class=\"ot-accordions\">\r\n\t\t\t\t\t\t<div class=\"acc-item\">\r\n\t\t\t\t<div class=\"acc-toggle flex-middle\" data-default=\"yes\">\u00bfQu\u00e9 medidas toma Cubox para ser sostenible y respetuoso con el medio ambiente? \r\n\t\t\t\t\t\t\t\t\t\t\t\t\t\t\t\t\t\t<span class=\"down\"><i class=\"fas fa-plus\"><\/i><\/span>\r\n\t\t\t\t\t\t\t<span class=\"up\"><i class=\"far fa-window-minimize\"><\/i><\/span>\r\n\t\t\t\t\t\t\t\t\t\t\t\t\t\t\t<\/div>\r\n\t\t\t\t<div class=\"acc-content\">\r\n\t\t\t\t\t<p>Cubox se compromete con la sostenibilidad y utiliza materiales ecol\u00f3gicos, procesos eficientes y tecnolog\u00edas verdes en su fabricaci\u00f3n.\u00a0<\/p>\t\t\t\t<\/div>\r\n\t\t\t<\/div>\r\n\t\t\t\t    <\/div>\r\n\r\n\t    \t\t\t\t<\/div>\n\t\t\t\t<\/div>\n\t\t\t\t\t<\/div>\n\t\t<\/div>\n\t\t\t\t\t<\/div>\n\t\t<\/section>\n\t\t\t\t\t<\/div>\n\t\t<\/div>\n\t\t\t\t\t<\/div>\n\t\t<\/section>\n\t\t\t\t<\/div>\n\t\t","protected":false},"excerpt":{"rendered":"<p>[ FAQ`s ] Preguntas m\u00e1s populares \u00bfQu\u00e9 es la construcci\u00f3n modular y en qu\u00e9 se diferencia de la construcci\u00f3n tradicional? La construcci\u00f3n modular es un m\u00e9todo de construcci\u00f3n que implica el uso de m\u00f3dulos prefabricados en f\u00e1brica y su ensamblaje en el sitio de construcci\u00f3n. Se diferencia de la construcci\u00f3n tradicional en la eficiencia, rapidez [&hellip;]<\/p>\n","protected":false},"author":3,"featured_media":0,"parent":0,"menu_order":0,"comment_status":"closed","ping_status":"closed","template":"","meta":{"_monsterinsights_skip_tracking":false,"_monsterinsights_sitenote_active":false,"_monsterinsights_sitenote_note":"","_monsterinsights_sitenote_category":0,"_joinchat":[],"footnotes":""},"class_list":["post-4560","page","type-page","status-publish","hentry"],"acf":[],"aioseo_notices":[],"_links":{"self":[{"href":"https:\/\/cubox.com.mx\/en\/wp-json\/wp\/v2\/pages\/4560","targetHints":{"allow":["GET"]}}],"collection":[{"href":"https:\/\/cubox.com.mx\/en\/wp-json\/wp\/v2\/pages"}],"about":[{"href":"https:\/\/cubox.com.mx\/en\/wp-json\/wp\/v2\/types\/page"}],"author":[{"embeddable":true,"href":"https:\/\/cubox.com.mx\/en\/wp-json\/wp\/v2\/users\/3"}],"replies":[{"embeddable":true,"href":"https:\/\/cubox.com.mx\/en\/wp-json\/wp\/v2\/comments?post=4560"}],"version-history":[{"count":21,"href":"https:\/\/cubox.com.mx\/en\/wp-json\/wp\/v2\/pages\/4560\/revisions"}],"predecessor-version":[{"id":4862,"href":"https:\/\/cubox.com.mx\/en\/wp-json\/wp\/v2\/pages\/4560\/revisions\/4862"}],"wp:attachment":[{"href":"https:\/\/cubox.com.mx\/en\/wp-json\/wp\/v2\/media?parent=4560"}],"curies":[{"name":"wp","href":"https:\/\/api.w.org\/{rel}","templated":true}]}}