{"id":5141,"date":"2024-09-09T17:48:01","date_gmt":"2024-09-09T17:48:01","guid":{"rendered":"https:\/\/cubox.com.mx\/?page_id=5141"},"modified":"2024-09-09T18:37:06","modified_gmt":"2024-09-09T18:37:06","slug":"canadianses","status":"publish","type":"page","link":"https:\/\/cubox.com.mx\/en\/canadianses\/","title":{"rendered":"Canadians"},"content":{"rendered":"<div data-elementor-type=\"wp-page\" data-elementor-id=\"5141\" class=\"elementor elementor-5141\">\n\t\t\t\t\t\t<section class=\"elementor-section elementor-top-section elementor-element elementor-element-ad91caa elementor-section-boxed elementor-section-height-default elementor-section-height-default\" data-id=\"ad91caa\" data-element_type=\"section\" data-e-type=\"section\">\n\t\t\t\t\t\t<div class=\"elementor-container elementor-column-gap-default\">\n\t\t\t\t\t<div class=\"elementor-column elementor-col-100 elementor-top-column elementor-element elementor-element-30bb145 ot-flex-column-vertical\" data-id=\"30bb145\" data-element_type=\"column\" data-e-type=\"column\">\n\t\t\t<div class=\"elementor-widget-wrap\">\n\t\t\t\t\t\t\t<\/div>\n\t\t<\/div>\n\t\t\t\t\t<\/div>\n\t\t<\/section>\n\t\t\t\t<section class=\"elementor-section elementor-top-section elementor-element elementor-element-df61b29 elementor-section-boxed elementor-section-height-default elementor-section-height-default\" data-id=\"df61b29\" data-element_type=\"section\" data-e-type=\"section\">\n\t\t\t\t\t\t<div class=\"elementor-container elementor-column-gap-default\">\n\t\t\t\t\t<div class=\"elementor-column elementor-col-100 elementor-top-column elementor-element elementor-element-04208c8 ot-flex-column-vertical\" data-id=\"04208c8\" data-element_type=\"column\" data-e-type=\"column\">\n\t\t\t<div class=\"elementor-widget-wrap\">\n\t\t\t\t\t\t\t<\/div>\n\t\t<\/div>\n\t\t\t\t\t<\/div>\n\t\t<\/section>\n\t\t\t\t<section class=\"elementor-section elementor-top-section elementor-element elementor-element-3d510d1 elementor-section-boxed elementor-section-height-default elementor-section-height-default\" data-id=\"3d510d1\" data-element_type=\"section\" data-e-type=\"section\">\n\t\t\t\t\t\t<div class=\"elementor-container elementor-column-gap-default\">\n\t\t\t\t\t<div class=\"elementor-column elementor-col-100 elementor-top-column elementor-element elementor-element-a53f8c2 ot-flex-column-vertical\" data-id=\"a53f8c2\" data-element_type=\"column\" data-e-type=\"column\">\n\t\t\t<div class=\"elementor-widget-wrap elementor-element-populated\">\n\t\t\t\t\t\t<div class=\"elementor-element elementor-element-f4f94bf elementor-widget elementor-widget-heading\" data-id=\"f4f94bf\" data-element_type=\"widget\" data-e-type=\"widget\" data-widget_type=\"heading.default\">\n\t\t\t\t<div class=\"elementor-widget-container\">\n\t\t\t\t\t<h2 class=\"elementor-heading-title elementor-size-default\"><h2>Have you been looking for ways to migrate to Mexico, financing options, visa information, or real estate? In this section, you'll find all the information you need, including details on how to secure financing with your funds in Canada.\u00a0<\/h2><\/h2>\t\t\t\t<\/div>\n\t\t\t\t<\/div>\n\t\t\t\t<div class=\"elementor-element elementor-element-705f2bd elementor-widget elementor-widget-ipost_grid\" data-id=\"705f2bd\" data-element_type=\"widget\" data-e-type=\"widget\" data-widget_type=\"ipost_grid.default\">\n\t\t\t\t<div class=\"elementor-widget-container\">\n\t\t\t\t\t\t\t<div class=\"blog-grid pf_4_cols v-light\">\r\n        \t \r\n<article id=\"post-4580\" class=\"post-box masonry-post-item post-4580 post type-post status-publish format-quote hentry category-canadian tag-art tag-house post_format-post-format-quote\">\r\n\t<div class=\"post-inner\">\r\n\t    \t\t\t\r\n\t\t\t<div class=\"quote-box font-second\">\r\n\t\t\t\t<div class=\"quote-text\">\r\n\t\t\t\t\tHome is the starting place of love, hope and dreams.\t\t\t\t\t<span>David Oswald<\/span>\r\n\t\t\t\t<\/div>\r\n\t\t\t<\/div>\r\n\t\t\t<div class=\"entry-media\">\r\n\t        \t<div class=\"post-cat\"><div class=\"posted-in\"><a href=\"https:\/\/cubox.com.mx\/en\/category\/canadian\/\" rel=\"category tag\">Canadian<\/a><\/div><\/div>\t        <\/div>\r\n\r\n\t    \r\n\t    <div class=\"inner-post\">\r\n\t        <div class=\"entry-header\">\r\n\r\n\t            \t            <div class=\"entry-meta\">\r\n\t            \t<span class=\"posted-on\"><a href=\"https:\/\/cubox.com.mx\/en\/architecture-is-not-based-on-concrete-and-steel-2\/\" rel=\"bookmark\"><time class=\"entry-date published\" datetime=\"2020-03-19T03:16:11+00:00\">March 19, 2020<\/time><\/a><\/span><span class=\"byline\"><a class=\"url fn n\" href=\"https:\/\/cubox.com.mx\/en\/author\/alex-valadez\/\">Alejandro Valadez<\/a><\/span>\t            <\/div><!-- .entry-meta -->\r\n\t            \r\n\t            <h4 class=\"entry-title\"><a class=\"title-link\" href=\"https:\/\/cubox.com.mx\/en\/architecture-is-not-based-on-concrete-and-steel-2\/\" rel=\"bookmark\">The Most Spectacular House in New York<\/a><\/h4>\r\n\t        <\/div><!-- .entry-header -->\r\n\r\n\t        <div class=\"entry-summary the-excerpt\">\r\n\r\n\t            <p>A faceting effect livens up and interrupts the cubism that sets the morphology of the West system apart from the cliches of modern design. Characterised by its suitability for use in a wide range of different\u2026<\/p>\n\r\n\t        <\/div><!-- .entry-content -->\r\n\t        <div class=\"entry-footer\">\r\n\t        \t<a href=\"https:\/\/cubox.com.mx\/en\/architecture-is-not-based-on-concrete-and-steel-2\/\" class=\"btn-details\"> Read more<\/a>\t        <\/div>\r\n\t    <\/div>\r\n\t<\/div>\r\n<\/article>\t    <\/div>\r\n\t    \t    \r\n\t\t\t\t\t\t<\/div>\n\t\t\t\t<\/div>\n\t\t\t\t\t<\/div>\n\t\t<\/div>\n\t\t\t\t\t<\/div>\n\t\t<\/section>\n\t\t\t\t<\/div>","protected":false},"excerpt":{"rendered":"<p>\u00bfHas estado buscando formas para migrar a M\u00e9xico, financiamientos, informaci\u00f3n sobre visado o real estate. En esta secci\u00f3n encontrar\u00e1s toda la informaci\u00f3n que necesites, incluso hasta informaci\u00f3n para conseguir un financiamiento con tus fondos en Canad\u00e1.\u00a0 Home is the starting place of love, hope and dreams. David Oswald Canadian March 19, 2020Alejandro Valadez The Most [&hellip;]<\/p>\n","protected":false},"author":3,"featured_media":0,"parent":0,"menu_order":0,"comment_status":"closed","ping_status":"closed","template":"","meta":{"_monsterinsights_skip_tracking":false,"_monsterinsights_sitenote_active":false,"_monsterinsights_sitenote_note":"","_monsterinsights_sitenote_category":0,"_joinchat":[],"footnotes":""},"class_list":["post-5141","page","type-page","status-publish","hentry"],"acf":[],"aioseo_notices":[],"_links":{"self":[{"href":"https:\/\/cubox.com.mx\/en\/wp-json\/wp\/v2\/pages\/5141","targetHints":{"allow":["GET"]}}],"collection":[{"href":"https:\/\/cubox.com.mx\/en\/wp-json\/wp\/v2\/pages"}],"about":[{"href":"https:\/\/cubox.com.mx\/en\/wp-json\/wp\/v2\/types\/page"}],"author":[{"embeddable":true,"href":"https:\/\/cubox.com.mx\/en\/wp-json\/wp\/v2\/users\/3"}],"replies":[{"embeddable":true,"href":"https:\/\/cubox.com.mx\/en\/wp-json\/wp\/v2\/comments?post=5141"}],"version-history":[{"count":14,"href":"https:\/\/cubox.com.mx\/en\/wp-json\/wp\/v2\/pages\/5141\/revisions"}],"predecessor-version":[{"id":5157,"href":"https:\/\/cubox.com.mx\/en\/wp-json\/wp\/v2\/pages\/5141\/revisions\/5157"}],"wp:attachment":[{"href":"https:\/\/cubox.com.mx\/en\/wp-json\/wp\/v2\/media?parent=5141"}],"curies":[{"name":"wp","href":"https:\/\/api.w.org\/{rel}","templated":true}]}}